{"id":751,"date":"2016-07-08T17:41:40","date_gmt":"2016-07-08T15:41:40","guid":{"rendered":"http:\/\/www.hotelgiacomazzo.it\/de\/?page_id=751"},"modified":"2016-07-08T17:41:55","modified_gmt":"2016-07-08T15:41:55","slug":"zimmer","status":"publish","type":"page","link":"https:\/\/www.hotelgiacomazzo.it\/de\/zimmer\/","title":{"rendered":"Zimmer"},"content":{"rendered":"<h2>Unsere Zimmer<\/h2>\n<p lang=\"de-AT\">Das Hotel Giacomazzo in Caorle verf\u00fcgt \u00fcber verschiedene Zimmerkategorien, die auf die verschiedenen Bed\u00fcrfnisse seiner G\u00e4ste abgestimmt sind und ihnen den gew\u00fcnschten Komfort bieten.<\/p>\n<p><span lang=\"de-AT\">Es gibt sowohl <\/span><span lang=\"de-AT\"><b>Doppelzimmer<\/b><\/span><span lang=\"de-AT\"> f\u00fcr Paare als auch <\/span><span lang=\"de-AT\"><b>Drei- oder Vierbett-Zimmer<\/b><\/span> <span lang=\"de-AT\"><b>f\u00fcr Familien<\/b><\/span><span lang=\"de-AT\">. So k\u00f6nnen Familien mit mehreren Kindern die f\u00fcr sie am besten passende und bequemste Unterbringung w\u00e4hlen.<\/span><\/p>\n<p lang=\"de-AT\">Die Zimmer im Hotel Giacomazzo sind einfach und ansprechend eingerichtet und mit allem ausgestattet, was Sie f\u00fcr Ihren Urlaub brauchen: Bad mit Dusche und Bidet, Haarf\u00f6hn, Telefon, Sat-TV, Safe, Klimaanlage\/Heizung.<\/p>\n<p><span lang=\"de-AT\">Mehrere Zimmer haben au\u00dferdem eine Terrasse mit einem herrlichen <\/span><span lang=\"de-AT\"><b>Meerblick<\/b><\/span><span lang=\"de-AT\">. <\/span><\/p>\n<p><span lang=\"de-AT\">F\u00fcr Familien mit Kindern gibt es eine Preisreduktion in der H\u00f6he von 50% f\u00fcr Kinder bis 4 Jahre und 20% f\u00fcr Kinder bis 12 Jahre. F\u00fcr Kinder unter 2 Jahre stellen wir eine <\/span><span lang=\"de-AT\"><b>Wiege<\/b><\/span><span lang=\"de-AT\"> im Zimmer der Eltern bereit.<\/span><\/p>\n<p lang=\"de-AT\">Preisausk\u00fcnfte finden Sie auf unserer Preisliste f\u00fcr 2016. Selbstverst\u00e4ndlich stehen wir Ihnen f\u00fcr s\u00e4mtliche Informationen jederzeit gerne zur Verf\u00fcgung. Es ist uns ein Vergn\u00fcgen, f\u00fcr Ihren Aufenthalt die perfekte L\u00f6sung zu finden!<\/p>\n<p>&nbsp;<\/p>\n","protected":false},"excerpt":{"rendered":"<p>Unsere Zimmer Das Hotel Giacomazzo in Caorle verf\u00fcgt \u00fcber verschiedene Zimmerkategorien, die auf die verschiedenen Bed\u00fcrfnisse seiner G\u00e4ste abgestimmt sind und ihnen den gew\u00fcnschten Komfort bieten. Es gibt sowohl Doppelzimmer<\/p>\n","protected":false},"author":2,"featured_media":0,"parent":0,"menu_order":0,"comment_status":"open","ping_status":"open","template":"template-accommodation-1.php","meta":{"ngg_post_thumbnail":0},"_links":{"self":[{"href":"https:\/\/www.hotelgiacomazzo.it\/de\/wp-json\/wp\/v2\/pages\/751"}],"collection":[{"href":"https:\/\/www.hotelgiacomazzo.it\/de\/wp-json\/wp\/v2\/pages"}],"about":[{"href":"https:\/\/www.hotelgiacomazzo.it\/de\/wp-json\/wp\/v2\/types\/page"}],"author":[{"embeddable":true,"href":"https:\/\/www.hotelgiacomazzo.it\/de\/wp-json\/wp\/v2\/users\/2"}],"replies":[{"embeddable":true,"href":"https:\/\/www.hotelgiacomazzo.it\/de\/wp-json\/wp\/v2\/comments?post=751"}],"version-history":[{"count":0,"href":"https:\/\/www.hotelgiacomazzo.it\/de\/wp-json\/wp\/v2\/pages\/751\/revisions"}],"wp:attachment":[{"href":"https:\/\/www.hotelgiacomazzo.it\/de\/wp-json\/wp\/v2\/media?parent=751"}],"curies":[{"name":"wp","href":"https:\/\/api.w.org\/{rel}","templated":true}]}}