{"id":747,"date":"2016-07-08T17:35:44","date_gmt":"2016-07-08T15:35:44","guid":{"rendered":"http:\/\/www.hotelgiacomazzo.it\/de\/?page_id=747"},"modified":"2023-05-19T10:22:39","modified_gmt":"2023-05-19T08:22:39","slug":"restaurant","status":"publish","type":"page","link":"https:\/\/www.hotelgiacomazzo.it\/de\/restaurant\/","title":{"rendered":"Restaurant"},"content":{"rendered":"<p lang=\"de-AT\">Wenn Sie im Urlaub Wert legen auf Erholung, Unterhaltung und auch auf eine gute K\u00fcche, dann sind Sie im Hotel Giacomazzo genau richtig!<\/p>\n<p lang=\"de-AT\">Lassen Sie sich von der Eigent\u00fcmerfamilie nach Strich und Faden verw\u00f6hnen, die ihre ganze Gastfreundschaft und Erfahrung darauf aufwenden wird, Ihnen einen angenehmen, erholsamen und sorgenfreien Urlaub zu erm\u00f6glichen. Die Eigent\u00fcmer des Hotels werden sich pers\u00f6nlich um Ihr Wohlergehen k\u00fcmmern und keine Anstrengung unterlassen, damit ihr Urlaub im wundersch\u00f6nen Caorle unvergesslich wird.<\/p>\n<p><span lang=\"de-AT\">Das Hotel Giacomazzo verf\u00fcgt \u00fcber ein <\/span><span lang=\"de-AT\"><b>eigenes Restaurant<\/b><\/span><span lang=\"de-AT\">, das eine t\u00e4glich wechselnde Auswahl an verschiedenen Gerichten anbietet. Die <\/span><span lang=\"de-AT\"><b>Fisch- und Fleischspezialit\u00e4ten<\/b><\/span><span lang=\"de-AT\"> werden mit Sorgfalt und K\u00f6nnen und frischen und saisonalen Produkten zubereitet.<\/span><\/p>\n<p lang=\"de-AT\">Die Hotelk\u00fcche wartet jeden Tag mit einer reichhaltigen Auswahl an Gerichten auf, die der kulinarischen Tradition Italiens verpflichtet sind. Ein ausgiebiges Fr\u00fchst\u00fcck, ein herrlicher Mittagstisch und ein exquisites Abendessen stehen auf der Tagesordnung.<\/p>\n<p><span lang=\"de-AT\">Das Hotel Giacomazzo bietet seinen G\u00e4sten die M\u00f6glichkeit, lediglich die N\u00e4chtigung mit Fr\u00fchst\u00fcck (Bed&amp;Breakfast) oder HALBPENSION zu buchen, wenn man sich von der guten <\/span><span lang=\"de-AT\"><b>K\u00fcche<\/b><\/span><span lang=\"de-AT\"> im hoteleigenen Restaurant verw\u00f6hnen lassen will.<\/span><\/p>\n<p><span lang=\"de-AT\">Fr\u00fchst\u00fcck, Mittag- und Abendessen werden im klimatisierten Speisesaal serviert, mit dem wundersch\u00f6nen Strand und dem Meer von Caorle als Hintergrund. Das Hotel verf\u00fcgt au\u00dferdem \u00fcber eine <\/span><span lang=\"de-AT\"><b>Bar und eine Terrasse mit Meeresblick<\/b><\/span><span lang=\"de-AT\">, die zum Chillen einl\u00e4dt.<\/span><\/p>\n<p lang=\"de-AT\">Wir w\u00fcrden uns sehr freuen, Sie im Hotel Giacomazzo begr\u00fc\u00dfen zu d\u00fcrfen! Genie\u00dfen Sie den Komfort unseres Hauses und die Gaumenfreuden unserer K\u00fcche!<\/p>\n<p lang=\"de-AT\"><!-- index.php -->\n<div\n\tclass=\"ngg-galleryoverview\n\t ngg-ajax-pagination-none\t\"\n\tid=\"ngg-gallery-c3986c2cdfe3409067f977a071197dae-1\">\n\n\t\t<div class=\"slideshowlink\">\n\t\t<a href='https:\/\/www.hotelgiacomazzo.it\/de\/restaurant\/nggallery\/slideshow'> <\/a>\n\t\t\n\t<\/div>\n\t\t\t<!-- Thumbnails -->\n\t\t\t\t<div id=\"ngg-image-0\" class=\"ngg-gallery-thumbnail-box\" \n\t\t\t\t\t\t\t\t\t\t\t>\n\t\t\t\t\t\t<div class=\"ngg-gallery-thumbnail\">\n\t\t\t<a href=\"https:\/\/www.hotelgiacomazzo.it\/wp-content\/gallery\/ristorante\/IMG_3537.JPG\"\n\t\t\t\ttitle=\"\"\n\t\t\t\tdata-src=\"https:\/\/www.hotelgiacomazzo.it\/wp-content\/gallery\/ristorante\/IMG_3537.JPG\"\n\t\t\t\tdata-thumbnail=\"https:\/\/www.hotelgiacomazzo.it\/wp-content\/gallery\/ristorante\/thumbs\/thumbs_IMG_3537.JPG\"\n\t\t\t\tdata-image-id=\"39\"\n\t\t\t\tdata-title=\"IMG_3537\"\n\t\t\t\tdata-description=\"\"\n\t\t\t\tdata-image-slug=\"img_3537\"\n\t\t\t\tclass=\"ngg-fancybox\" rel=\"c3986c2cdfe3409067f977a071197dae\">\n\t\t\t\t<img\n\t\t\t\t\ttitle=\"IMG_3537\"\n\t\t\t\t\talt=\"IMG_3537\"\n\t\t\t\t\tsrc=\"https:\/\/www.hotelgiacomazzo.it\/wp-content\/gallery\/ristorante\/thumbs\/thumbs_IMG_3537.JPG\"\n\t\t\t\t\twidth=\"240\"\n\t\t\t\t\theight=\"160\"\n\t\t\t\t\tstyle=\"max-width:100%;\"\n\t\t\t\t\/>\n\t\t\t<\/a>\n\t\t<\/div>\n\t\t\t\t\t\t\t<\/div> \n\t\t\t\n\t\t\n\t\t\t\t<div id=\"ngg-image-1\" class=\"ngg-gallery-thumbnail-box\" \n\t\t\t\t\t\t\t\t\t\t\t>\n\t\t\t\t\t\t<div class=\"ngg-gallery-thumbnail\">\n\t\t\t<a href=\"https:\/\/www.hotelgiacomazzo.it\/wp-content\/gallery\/ristorante\/IMG_3450.JPG\"\n\t\t\t\ttitle=\"\"\n\t\t\t\tdata-src=\"https:\/\/www.hotelgiacomazzo.it\/wp-content\/gallery\/ristorante\/IMG_3450.JPG\"\n\t\t\t\tdata-thumbnail=\"https:\/\/www.hotelgiacomazzo.it\/wp-content\/gallery\/ristorante\/thumbs\/thumbs_IMG_3450.JPG\"\n\t\t\t\tdata-image-id=\"40\"\n\t\t\t\tdata-title=\"IMG_3450\"\n\t\t\t\tdata-description=\"\"\n\t\t\t\tdata-image-slug=\"img_3450\"\n\t\t\t\tclass=\"ngg-fancybox\" rel=\"c3986c2cdfe3409067f977a071197dae\">\n\t\t\t\t<img\n\t\t\t\t\ttitle=\"IMG_3450\"\n\t\t\t\t\talt=\"IMG_3450\"\n\t\t\t\t\tsrc=\"https:\/\/www.hotelgiacomazzo.it\/wp-content\/gallery\/ristorante\/thumbs\/thumbs_IMG_3450.JPG\"\n\t\t\t\t\twidth=\"240\"\n\t\t\t\t\theight=\"160\"\n\t\t\t\t\tstyle=\"max-width:100%;\"\n\t\t\t\t\/>\n\t\t\t<\/a>\n\t\t<\/div>\n\t\t\t\t\t\t\t<\/div> \n\t\t\t\n\t\t\n\t\t\t\t<div id=\"ngg-image-2\" class=\"ngg-gallery-thumbnail-box\" \n\t\t\t\t\t\t\t\t\t\t\t>\n\t\t\t\t\t\t<div class=\"ngg-gallery-thumbnail\">\n\t\t\t<a href=\"https:\/\/www.hotelgiacomazzo.it\/wp-content\/gallery\/ristorante\/IMG_3463.JPG\"\n\t\t\t\ttitle=\"\"\n\t\t\t\tdata-src=\"https:\/\/www.hotelgiacomazzo.it\/wp-content\/gallery\/ristorante\/IMG_3463.JPG\"\n\t\t\t\tdata-thumbnail=\"https:\/\/www.hotelgiacomazzo.it\/wp-content\/gallery\/ristorante\/thumbs\/thumbs_IMG_3463.JPG\"\n\t\t\t\tdata-image-id=\"41\"\n\t\t\t\tdata-title=\"IMG_3463\"\n\t\t\t\tdata-description=\"\"\n\t\t\t\tdata-image-slug=\"img_3463\"\n\t\t\t\tclass=\"ngg-fancybox\" rel=\"c3986c2cdfe3409067f977a071197dae\">\n\t\t\t\t<img\n\t\t\t\t\ttitle=\"IMG_3463\"\n\t\t\t\t\talt=\"IMG_3463\"\n\t\t\t\t\tsrc=\"https:\/\/www.hotelgiacomazzo.it\/wp-content\/gallery\/ristorante\/thumbs\/thumbs_IMG_3463.JPG\"\n\t\t\t\t\twidth=\"240\"\n\t\t\t\t\theight=\"160\"\n\t\t\t\t\tstyle=\"max-width:100%;\"\n\t\t\t\t\/>\n\t\t\t<\/a>\n\t\t<\/div>\n\t\t\t\t\t\t\t<\/div> \n\t\t\t\n\t\t\n\t\t\t\t<div id=\"ngg-image-3\" class=\"ngg-gallery-thumbnail-box\" \n\t\t\t\t\t\t\t\t\t\t\t>\n\t\t\t\t\t\t<div class=\"ngg-gallery-thumbnail\">\n\t\t\t<a href=\"https:\/\/www.hotelgiacomazzo.it\/wp-content\/gallery\/ristorante\/IMG_3474.JPG\"\n\t\t\t\ttitle=\"\"\n\t\t\t\tdata-src=\"https:\/\/www.hotelgiacomazzo.it\/wp-content\/gallery\/ristorante\/IMG_3474.JPG\"\n\t\t\t\tdata-thumbnail=\"https:\/\/www.hotelgiacomazzo.it\/wp-content\/gallery\/ristorante\/thumbs\/thumbs_IMG_3474.JPG\"\n\t\t\t\tdata-image-id=\"42\"\n\t\t\t\tdata-title=\"IMG_3474\"\n\t\t\t\tdata-description=\"\"\n\t\t\t\tdata-image-slug=\"img_3474\"\n\t\t\t\tclass=\"ngg-fancybox\" rel=\"c3986c2cdfe3409067f977a071197dae\">\n\t\t\t\t<img\n\t\t\t\t\ttitle=\"IMG_3474\"\n\t\t\t\t\talt=\"IMG_3474\"\n\t\t\t\t\tsrc=\"https:\/\/www.hotelgiacomazzo.it\/wp-content\/gallery\/ristorante\/thumbs\/thumbs_IMG_3474.JPG\"\n\t\t\t\t\twidth=\"240\"\n\t\t\t\t\theight=\"160\"\n\t\t\t\t\tstyle=\"max-width:100%;\"\n\t\t\t\t\/>\n\t\t\t<\/a>\n\t\t<\/div>\n\t\t\t\t\t\t\t<\/div> \n\t\t\t\n\t\t\n\t\t\t\t<div id=\"ngg-image-4\" class=\"ngg-gallery-thumbnail-box\" \n\t\t\t\t\t\t\t\t\t\t\t>\n\t\t\t\t\t\t<div class=\"ngg-gallery-thumbnail\">\n\t\t\t<a href=\"https:\/\/www.hotelgiacomazzo.it\/wp-content\/gallery\/ristorante\/IMG_3525.JPG\"\n\t\t\t\ttitle=\"\"\n\t\t\t\tdata-src=\"https:\/\/www.hotelgiacomazzo.it\/wp-content\/gallery\/ristorante\/IMG_3525.JPG\"\n\t\t\t\tdata-thumbnail=\"https:\/\/www.hotelgiacomazzo.it\/wp-content\/gallery\/ristorante\/thumbs\/thumbs_IMG_3525.JPG\"\n\t\t\t\tdata-image-id=\"43\"\n\t\t\t\tdata-title=\"IMG_3525\"\n\t\t\t\tdata-description=\"\"\n\t\t\t\tdata-image-slug=\"img_3525\"\n\t\t\t\tclass=\"ngg-fancybox\" rel=\"c3986c2cdfe3409067f977a071197dae\">\n\t\t\t\t<img\n\t\t\t\t\ttitle=\"IMG_3525\"\n\t\t\t\t\talt=\"IMG_3525\"\n\t\t\t\t\tsrc=\"https:\/\/www.hotelgiacomazzo.it\/wp-content\/gallery\/ristorante\/thumbs\/thumbs_IMG_3525.JPG\"\n\t\t\t\t\twidth=\"240\"\n\t\t\t\t\theight=\"160\"\n\t\t\t\t\tstyle=\"max-width:100%;\"\n\t\t\t\t\/>\n\t\t\t<\/a>\n\t\t<\/div>\n\t\t\t\t\t\t\t<\/div> \n\t\t\t\n\t\t\n\t\t\t\t<div id=\"ngg-image-5\" class=\"ngg-gallery-thumbnail-box\" \n\t\t\t\t\t\t\t\t\t\t\t>\n\t\t\t\t\t\t<div class=\"ngg-gallery-thumbnail\">\n\t\t\t<a href=\"https:\/\/www.hotelgiacomazzo.it\/wp-content\/gallery\/ristorante\/hotel_giacomazzo_ristorante_1.jpg\"\n\t\t\t\ttitle=\"\"\n\t\t\t\tdata-src=\"https:\/\/www.hotelgiacomazzo.it\/wp-content\/gallery\/ristorante\/hotel_giacomazzo_ristorante_1.jpg\"\n\t\t\t\tdata-thumbnail=\"https:\/\/www.hotelgiacomazzo.it\/wp-content\/gallery\/ristorante\/thumbs\/thumbs_hotel_giacomazzo_ristorante_1.jpg\"\n\t\t\t\tdata-image-id=\"44\"\n\t\t\t\tdata-title=\"hotel_giacomazzo_ristorante_1\"\n\t\t\t\tdata-description=\"\"\n\t\t\t\tdata-image-slug=\"hotel_giacomazzo_ristorante_1\"\n\t\t\t\tclass=\"ngg-fancybox\" rel=\"c3986c2cdfe3409067f977a071197dae\">\n\t\t\t\t<img\n\t\t\t\t\ttitle=\"hotel_giacomazzo_ristorante_1\"\n\t\t\t\t\talt=\"hotel_giacomazzo_ristorante_1\"\n\t\t\t\t\tsrc=\"https:\/\/www.hotelgiacomazzo.it\/wp-content\/gallery\/ristorante\/thumbs\/thumbs_hotel_giacomazzo_ristorante_1.jpg\"\n\t\t\t\t\twidth=\"240\"\n\t\t\t\t\theight=\"160\"\n\t\t\t\t\tstyle=\"max-width:100%;\"\n\t\t\t\t\/>\n\t\t\t<\/a>\n\t\t<\/div>\n\t\t\t\t\t\t\t<\/div> \n\t\t\t\n\t\t\n\t\t\t\t<div id=\"ngg-image-6\" class=\"ngg-gallery-thumbnail-box\" \n\t\t\t\t\t\t\t\t\t\t\t>\n\t\t\t\t\t\t<div class=\"ngg-gallery-thumbnail\">\n\t\t\t<a href=\"https:\/\/www.hotelgiacomazzo.it\/wp-content\/gallery\/ristorante\/sala1_hotel_giacomazzo.jpg\"\n\t\t\t\ttitle=\"\"\n\t\t\t\tdata-src=\"https:\/\/www.hotelgiacomazzo.it\/wp-content\/gallery\/ristorante\/sala1_hotel_giacomazzo.jpg\"\n\t\t\t\tdata-thumbnail=\"https:\/\/www.hotelgiacomazzo.it\/wp-content\/gallery\/ristorante\/thumbs\/thumbs_sala1_hotel_giacomazzo.jpg\"\n\t\t\t\tdata-image-id=\"45\"\n\t\t\t\tdata-title=\"sala1_hotel_giacomazzo\"\n\t\t\t\tdata-description=\"\"\n\t\t\t\tdata-image-slug=\"sala1_hotel_giacomazzo\"\n\t\t\t\tclass=\"ngg-fancybox\" rel=\"c3986c2cdfe3409067f977a071197dae\">\n\t\t\t\t<img\n\t\t\t\t\ttitle=\"sala1_hotel_giacomazzo\"\n\t\t\t\t\talt=\"sala1_hotel_giacomazzo\"\n\t\t\t\t\tsrc=\"https:\/\/www.hotelgiacomazzo.it\/wp-content\/gallery\/ristorante\/thumbs\/thumbs_sala1_hotel_giacomazzo.jpg\"\n\t\t\t\t\twidth=\"240\"\n\t\t\t\t\theight=\"160\"\n\t\t\t\t\tstyle=\"max-width:100%;\"\n\t\t\t\t\/>\n\t\t\t<\/a>\n\t\t<\/div>\n\t\t\t\t\t\t\t<\/div> \n\t\t\t\n\t\t\n\t\t\t\t<div id=\"ngg-image-7\" class=\"ngg-gallery-thumbnail-box\" \n\t\t\t\t\t\t\t\t\t\t\t>\n\t\t\t\t\t\t<div class=\"ngg-gallery-thumbnail\">\n\t\t\t<a href=\"https:\/\/www.hotelgiacomazzo.it\/wp-content\/gallery\/ristorante\/sala2_hotel_giacomazzo.jpg\"\n\t\t\t\ttitle=\"\"\n\t\t\t\tdata-src=\"https:\/\/www.hotelgiacomazzo.it\/wp-content\/gallery\/ristorante\/sala2_hotel_giacomazzo.jpg\"\n\t\t\t\tdata-thumbnail=\"https:\/\/www.hotelgiacomazzo.it\/wp-content\/gallery\/ristorante\/thumbs\/thumbs_sala2_hotel_giacomazzo.jpg\"\n\t\t\t\tdata-image-id=\"46\"\n\t\t\t\tdata-title=\"sala2_hotel_giacomazzo\"\n\t\t\t\tdata-description=\"\"\n\t\t\t\tdata-image-slug=\"sala2_hotel_giacomazzo\"\n\t\t\t\tclass=\"ngg-fancybox\" rel=\"c3986c2cdfe3409067f977a071197dae\">\n\t\t\t\t<img\n\t\t\t\t\ttitle=\"sala2_hotel_giacomazzo\"\n\t\t\t\t\talt=\"sala2_hotel_giacomazzo\"\n\t\t\t\t\tsrc=\"https:\/\/www.hotelgiacomazzo.it\/wp-content\/gallery\/ristorante\/thumbs\/thumbs_sala2_hotel_giacomazzo.jpg\"\n\t\t\t\t\twidth=\"240\"\n\t\t\t\t\theight=\"160\"\n\t\t\t\t\tstyle=\"max-width:100%;\"\n\t\t\t\t\/>\n\t\t\t<\/a>\n\t\t<\/div>\n\t\t\t\t\t\t\t<\/div> \n\t\t\t\n\t\t\n\t\t\t\t<div id=\"ngg-image-8\" class=\"ngg-gallery-thumbnail-box\" \n\t\t\t\t\t\t\t\t\t\t\t>\n\t\t\t\t\t\t<div class=\"ngg-gallery-thumbnail\">\n\t\t\t<a href=\"https:\/\/www.hotelgiacomazzo.it\/wp-content\/gallery\/ristorante\/sala3_hotel_giacomazzp.jpg\"\n\t\t\t\ttitle=\"\"\n\t\t\t\tdata-src=\"https:\/\/www.hotelgiacomazzo.it\/wp-content\/gallery\/ristorante\/sala3_hotel_giacomazzp.jpg\"\n\t\t\t\tdata-thumbnail=\"https:\/\/www.hotelgiacomazzo.it\/wp-content\/gallery\/ristorante\/thumbs\/thumbs_sala3_hotel_giacomazzp.jpg\"\n\t\t\t\tdata-image-id=\"47\"\n\t\t\t\tdata-title=\"sala3_hotel_giacomazzp\"\n\t\t\t\tdata-description=\"\"\n\t\t\t\tdata-image-slug=\"sala3_hotel_giacomazzp\"\n\t\t\t\tclass=\"ngg-fancybox\" rel=\"c3986c2cdfe3409067f977a071197dae\">\n\t\t\t\t<img\n\t\t\t\t\ttitle=\"sala3_hotel_giacomazzp\"\n\t\t\t\t\talt=\"sala3_hotel_giacomazzp\"\n\t\t\t\t\tsrc=\"https:\/\/www.hotelgiacomazzo.it\/wp-content\/gallery\/ristorante\/thumbs\/thumbs_sala3_hotel_giacomazzp.jpg\"\n\t\t\t\t\twidth=\"240\"\n\t\t\t\t\theight=\"160\"\n\t\t\t\t\tstyle=\"max-width:100%;\"\n\t\t\t\t\/>\n\t\t\t<\/a>\n\t\t<\/div>\n\t\t\t\t\t\t\t<\/div> \n\t\t\t\n\t\t\n\t\t\t\t<div id=\"ngg-image-9\" class=\"ngg-gallery-thumbnail-box\" \n\t\t\t\t\t\t\t\t\t\t\t>\n\t\t\t\t\t\t<div class=\"ngg-gallery-thumbnail\">\n\t\t\t<a href=\"https:\/\/www.hotelgiacomazzo.it\/wp-content\/gallery\/ristorante\/sala4_hotel_giacomazzo.jpg\"\n\t\t\t\ttitle=\"\"\n\t\t\t\tdata-src=\"https:\/\/www.hotelgiacomazzo.it\/wp-content\/gallery\/ristorante\/sala4_hotel_giacomazzo.jpg\"\n\t\t\t\tdata-thumbnail=\"https:\/\/www.hotelgiacomazzo.it\/wp-content\/gallery\/ristorante\/thumbs\/thumbs_sala4_hotel_giacomazzo.jpg\"\n\t\t\t\tdata-image-id=\"48\"\n\t\t\t\tdata-title=\"sala4_hotel_giacomazzo\"\n\t\t\t\tdata-description=\"\"\n\t\t\t\tdata-image-slug=\"sala4_hotel_giacomazzo\"\n\t\t\t\tclass=\"ngg-fancybox\" rel=\"c3986c2cdfe3409067f977a071197dae\">\n\t\t\t\t<img\n\t\t\t\t\ttitle=\"sala4_hotel_giacomazzo\"\n\t\t\t\t\talt=\"sala4_hotel_giacomazzo\"\n\t\t\t\t\tsrc=\"https:\/\/www.hotelgiacomazzo.it\/wp-content\/gallery\/ristorante\/thumbs\/thumbs_sala4_hotel_giacomazzo.jpg\"\n\t\t\t\t\twidth=\"240\"\n\t\t\t\t\theight=\"160\"\n\t\t\t\t\tstyle=\"max-width:100%;\"\n\t\t\t\t\/>\n\t\t\t<\/a>\n\t\t<\/div>\n\t\t\t\t\t\t\t<\/div> \n\t\t\t\n\t\t\n\t\t\n\t\t<!-- Pagination -->\n\t\t<div class='ngg-clear'><\/div>\t<\/div>\n<\/p>\n<p>&nbsp;<\/p>\n","protected":false},"excerpt":{"rendered":"<p>Wenn Sie im Urlaub Wert legen auf Erholung, Unterhaltung und auch auf eine gute K\u00fcche, dann sind Sie im Hotel Giacomazzo genau richtig! Lassen Sie sich von der Eigent\u00fcmerfamilie nach<\/p>\n","protected":false},"author":2,"featured_media":0,"parent":0,"menu_order":0,"comment_status":"closed","ping_status":"closed","template":"","meta":{"ngg_post_thumbnail":0},"_links":{"self":[{"href":"https:\/\/www.hotelgiacomazzo.it\/de\/wp-json\/wp\/v2\/pages\/747"}],"collection":[{"href":"https:\/\/www.hotelgiacomazzo.it\/de\/wp-json\/wp\/v2\/pages"}],"about":[{"href":"https:\/\/www.hotelgiacomazzo.it\/de\/wp-json\/wp\/v2\/types\/page"}],"author":[{"embeddable":true,"href":"https:\/\/www.hotelgiacomazzo.it\/de\/wp-json\/wp\/v2\/users\/2"}],"replies":[{"embeddable":true,"href":"https:\/\/www.hotelgiacomazzo.it\/de\/wp-json\/wp\/v2\/comments?post=747"}],"version-history":[{"count":3,"href":"https:\/\/www.hotelgiacomazzo.it\/de\/wp-json\/wp\/v2\/pages\/747\/revisions"}],"predecessor-version":[{"id":1144,"href":"https:\/\/www.hotelgiacomazzo.it\/de\/wp-json\/wp\/v2\/pages\/747\/revisions\/1144"}],"wp:attachment":[{"href":"https:\/\/www.hotelgiacomazzo.it\/de\/wp-json\/wp\/v2\/media?parent=747"}],"curies":[{"name":"wp","href":"https:\/\/api.w.org\/{rel}","templated":true}]}}