{"id":743,"date":"2016-07-08T17:26:49","date_gmt":"2016-07-08T15:26:49","guid":{"rendered":"http:\/\/www.hotelgiacomazzo.it\/de\/?page_id=743"},"modified":"2026-04-13T12:35:57","modified_gmt":"2026-04-13T10:35:57","slug":"preisliste","status":"publish","type":"page","link":"https:\/\/www.hotelgiacomazzo.it\/de\/preisliste\/","title":{"rendered":"Preisliste"},"content":{"rendered":"<h2>Preisliste 2026<\/h2>\n<p><span lang=\"de-AT\">Die Preise verstehen sich <\/span><span lang=\"de-AT\"><b>pro Person und Tag<\/b><\/span><span lang=\"de-AT\"> und f\u00fcr einen <\/span><span lang=\"de-AT\"><b>Mindestaufenthalt von drei Tagen<\/b><\/span><span lang=\"de-AT\">. Die angegebenen Preise sind inkl. MwSt., Service, Strandplatz mit Kabine, EIN SONNENSCHIRM f\u00fcr jede Familie und EINE LIEGE f\u00fcr jeden Erwachsenen. Privatparkplatz.<\/span><\/p>\n<p><span lang=\"de-AT\">Die Kurtaxe ist zulasten des Gastes. Kinder bis 12 Jahre sind davon befreit.<\/span><\/p>\n<p lang=\"de-AT\">Die Preise sind in Zimmer mit oder ohne MEERESBLICK unterteilt.<\/p>\n<p><span lang=\"de-AT\">Die Saison, in der die jeweiligen Preise gelten (Haupt- oder Nebensaison) sind angef\u00fchrt, ebenso wie verschiedenen PREISREDUKTIONEN f\u00fcr Zusatzbetten f\u00fcr Kinder.<br \/>\n<\/span><\/p>\n<p lang=\"de-AT\">Gerne bietet Ihnen das Hotel Giacomazzo Sondertarife f\u00fcr l\u00e4ngere Aufenthalte und kinderreiche Familien.<\/p>\n<table class=\"table-bordered\">\n<thead>\n<tr>\n<th style=\"text-align: center;\" colspan=\"5\">Preis pro Person (min. 2 Personen) \u2013 Preise pro Tag f\u00fcr einen Mindestaufenthalt von 3 Tagen<\/th>\n<\/tr>\n<\/thead>\n<tbody>\n<tr>\n<td>&nbsp;<\/td>\n<td style=\"text-align: center;\"><strong>03.05 &#8211; 13.05<\/strong><br \/>\n<strong>10.09 &#8211; 30.09<\/strong><\/td>\n<td style=\"text-align: center;\"><strong>23.04 &#8211; 03.05<\/strong><br \/>\n<strong>13.05 &#8211; 14.06<\/strong><br \/>\n<strong>30.08 &#8211; 10.09<\/strong><\/td>\n<td style=\"text-align: center;\"><strong>14.06 &#8211; 02.08<\/strong><br \/>\n<strong>23.08 &#8211; 30.08<\/strong><\/td>\n<td style=\"text-align: center;\"><strong>02.08 &#8211; 23.08<\/strong><\/td>\n<\/tr>\n<tr>\n<td>N\u00e4chtigung mit Fr\u00fchst\u00fcck<\/td>\n<td style=\"text-align: center;\">\u20ac 64,00<\/td>\n<td style=\"text-align: center;\">\u20ac 75,00<\/td>\n<td style=\"text-align: center;\">\u20ac 78,00<\/td>\n<td style=\"text-align: center;\">\u20ac 85,00<\/td>\n<\/tr>\n<tr>\n<td>N\u00e4chtigung mit Fr\u00fchst\u00fcck, Zimmer mit MEERESBLICK<\/td>\n<td style=\"text-align: center;\">\u20ac 72,00<\/td>\n<td style=\"text-align: center;\">\u20ac 83,00<\/td>\n<td style=\"text-align: center;\">\u20ac 87,00<\/td>\n<td style=\"text-align: center;\">\u20ac 92,00<\/td>\n<\/tr>\n<\/tbody>\n<\/table>\n<table>\n<thead>\n<tr>\n<th colspan=\"5\">PREISREDUKTIONEN (Zusatzbett)<\/th>\n<\/tr>\n<\/thead>\n<tbody>\n<tr>\n<td style=\"text-align: center;\">Wiege f\u00fcr Kleinkinder pro Tag (bis 2 Jahre)<\/td>\n<td style=\"text-align: center;\">Kinder bis 4 Jahre<\/td>\n<td style=\"text-align: center;\">Kinder bis 6 Jahre<\/td>\n<td style=\"text-align: center;\">Kinder bis 8 Jahre<\/td>\n<td style=\"text-align: center;\">Kinder bis 12 Jahre<\/td>\n<\/tr>\n<tr>\n<td style=\"text-align: center;\">\u20ac 25,00<\/td>\n<td style=\"text-align: center;\">&#8211; 50%<\/td>\n<td style=\"text-align: center;\">&#8211; 40%<\/td>\n<td style=\"text-align: center;\">&#8211; 30%<\/td>\n<td style=\"text-align: center;\">&#8211; 20%<\/td>\n<\/tr>\n<\/tbody>\n<\/table>\n<p><strong>Zuschlag f\u00fcr Zimmer Ohne Meerblick mit Terrasse \u20ac 10,00 pro Tag.<\/strong><\/p>\n<p><strong>Kurtaxe zulasten des Hotelgasts. Kinder bis 12 Jahre sind davon befreit.<\/strong><\/p>\n<p>Die oben genannten Preise beinhalten: Mwst, Service, Strandplatz mit Kabine, EIN SONNENSCHIRM pro Familie und EINE LIEGE f\u00fcr jeden Erwachsenen. Privatparkplatz.<\/p>\n<p><strong>N.B: Die Zimmerreservierung ist erst nach Erhalt der Anzahlung fix.<\/strong><\/p>\n<p><strong>Privater interner Parkplatz le nach Verf\u00fcgbarkeit 8,00 \u20ac pro Tag.<br \/>\nPrivater \u00fcberdachter Parkplatz le nach Verf\u00fcgbarkeit 10,00 \u20ac pro Tag.<br \/>\n<\/strong><\/p>\n<p><strong>CHECK-IN: ab 12 Uhr, CHECK-OUT: bis 10 Uhr<\/strong><\/p>\n","protected":false},"excerpt":{"rendered":"<p>Preisliste 2026 Die Preise verstehen sich pro Person und Tag und f\u00fcr einen Mindestaufenthalt von drei Tagen. Die angegebenen Preise sind inkl. MwSt., Service, Strandplatz mit Kabine, EIN SONNENSCHIRM f\u00fcr<\/p>\n","protected":false},"author":2,"featured_media":0,"parent":0,"menu_order":0,"comment_status":"closed","ping_status":"closed","template":"","meta":{"ngg_post_thumbnail":0},"_links":{"self":[{"href":"https:\/\/www.hotelgiacomazzo.it\/de\/wp-json\/wp\/v2\/pages\/743"}],"collection":[{"href":"https:\/\/www.hotelgiacomazzo.it\/de\/wp-json\/wp\/v2\/pages"}],"about":[{"href":"https:\/\/www.hotelgiacomazzo.it\/de\/wp-json\/wp\/v2\/types\/page"}],"author":[{"embeddable":true,"href":"https:\/\/www.hotelgiacomazzo.it\/de\/wp-json\/wp\/v2\/users\/2"}],"replies":[{"embeddable":true,"href":"https:\/\/www.hotelgiacomazzo.it\/de\/wp-json\/wp\/v2\/comments?post=743"}],"version-history":[{"count":29,"href":"https:\/\/www.hotelgiacomazzo.it\/de\/wp-json\/wp\/v2\/pages\/743\/revisions"}],"predecessor-version":[{"id":1183,"href":"https:\/\/www.hotelgiacomazzo.it\/de\/wp-json\/wp\/v2\/pages\/743\/revisions\/1183"}],"wp:attachment":[{"href":"https:\/\/www.hotelgiacomazzo.it\/de\/wp-json\/wp\/v2\/media?parent=743"}],"curies":[{"name":"wp","href":"https:\/\/api.w.org\/{rel}","templated":true}]}}