{"id":730,"date":"2016-07-08T16:43:56","date_gmt":"2016-07-08T14:43:56","guid":{"rendered":"http:\/\/www.hotelgiacomazzo.it\/de\/?page_id=730"},"modified":"2016-07-08T16:43:56","modified_gmt":"2016-07-08T14:43:56","slug":"posizione","status":"publish","type":"page","link":"https:\/\/www.hotelgiacomazzo.it\/de\/posizione\/","title":{"rendered":"Lage"},"content":{"rendered":"<h2>Unsere g\u00fcnstige Lage<\/h2>\n<p>Das Hotel Giacomazzo befindet sich direkt am Meer und bietet einen wunderbaren Blick auf die malerische Kulisse der Spiaggia di Levante und der Chiesa della Madonnina. Die <strong>Altstadt und zahlreiche Attraktionen<\/strong> sind nur wenige Schritte entfernt.<\/p>\n<ul class=\"awesome-icons\"><li><i class=icon-check-sign><\/i> <strong><span style=\"text-decoration: underline;\">G\u00fcnstige Lage<\/span><\/strong>: Ganz egal, ob Sie lieber  am Strand chillen oder die Sch\u00f6nheiten unserer Stadt entdecken wollen: Hier bei uns sind Sie auf jeden Fall richtig, denn unser Hotel liegt nur wenige Schritte von der Altstadt und der Chiesa della Madonnina sowie vom Strand entfernt.<\/li><\/ul>\n<ul class=\"awesome-icons\"><li><i class=icon-check-sign><\/i> <strong><span style=\"text-decoration: underline;\">Autobus-Bahnhof<\/span><\/strong>: 200 Meter vom Hotel Giacomazzo entfernt liegt der Autobus-Bahnhof, falls Sie mit dem Bus anreisen oder einen Ausflug machen wollen und das Auto lieber stehen lassen. Es ist doch praktisch, ein effizientes Verkehrsmittel stets in Ihrer N\u00e4he zu haben.<\/li><\/ul>\n<ul class=\"awesome-icons\"><li><i class=icon-check-sign><\/i> <span style=\"text-decoration: underline;\"><strong>Aquafollie<\/strong><\/span>: Der Aquapark Aquafollie, der zu den touristischen Hauptattraktionen der Stadt z\u00e4hlt, liegt nur wenige Schritt von der Altstadt von Caorle und nur knapp 100 Meter vom Autobus-Bahnhof und 300 Meter von unserem Hotel entfernt. Der Wasserpark Aquafollie bietet mit seinen Wasserrutschen, Wasserspielen und der Animation einen <strong>Riesenspa\u00df <\/strong>f\u00fcr Gro\u00df und Klein!<\/li><\/ul>\n<ul class=\"awesome-icons\"><li><i class=icon-check-sign><\/i> <span style=\"text-decoration: underline;\"><strong>Palaexpomar<\/strong><\/span>: In der N\u00e4he des Wasservergn\u00fcgungsparks Aquafollie befindet sich die Ausstellungs- und Kongresshalle Palaexpomar, die oft auch gro\u00dfe Sportevents beherbergt. Das Hotel Giacomazzo ist aufgrund seiner N\u00e4he zu Palaexpomar ideal f\u00fcr G\u00e4ste, die au\u00dferhalb der Saison f\u00fcr eine <strong>Veranstaltung, eine Messe oder einen Kongress<\/strong> nach Caorle kommen. So kann man das N\u00fctzliche mit einem angenehmen Aufenthalt in einem direkt am Meer gelegenen Hotel verbinden.<\/li><\/ul>\n<ul class=\"awesome-icons\"><li><i class=icon-check-sign><\/i> <span style=\"text-decoration: underline;\"><strong>Palazzetto<\/strong><\/span>: Die Sporthalle Palazetto liegt nur wenige Meter von Palaexpomar und dem Gemeindestadion (300 Meter von Hotel) entfernt. <strong>Diese Halle sucht seinesgleichen in der gesamten Region Venetien<\/strong> und ist oft Austragungsort von nationalen und internationalen Sportveranstaltungen unterschiedlicher Natur. Das Geb\u00e4ude kann au\u00dferdem auch f\u00fcr Konzerte, Messen oder Kongresse genutzt werde.<\/li><\/ul>\n<ul class=\"awesome-icons\"><li><i class=icon-check-sign><\/i> <span style=\"text-decoration: underline;\"><strong>Marktgebeit<\/strong><\/span>: In der <strong>Via Aldo Moro<\/strong>, in der sich auch der Aquapark Aquafollie befindet, und nur 200 Meter vom Hotel entfernt, findet jeden Samstagvormittag der <strong>Wochenmarkt <\/strong>statt, der zum Bummeln einl\u00e4dt und auf dem man das eine oder andere Souvenir als Erinnerung an den Urlaub in Caorle erstehen kann.<\/li><\/ul>\n<ul class=\"awesome-icons\"><li><i class=icon-check-sign><\/i> <span style=\"text-decoration: underline;\"><strong>Minigolf und Tennis<\/strong><\/span>: Am <strong>Lungomare Trieste<\/strong> gibt es eine wundersch\u00f6ne <strong>Minigolfanlage<\/strong>, die bis ins kleineste Detail sehr gepflegt ist. Minigolf ist ein willkommener Zeitvertrieb im Urlaub f\u00fcr die ganze Familie, Paare und Gruppen von Freuden. Wer selbst im Urlaub nicht auf Tennis verzichten m\u00f6chte, ist hier ebenfalls gut beraten. Zahlreiche <strong>Tennispl\u00e4tze <\/strong>laden zum Spielen ein. Minigolf- und Tennispl\u00e4tze sind nur 50 Meter vom Hotel Giacomazzo entfernt!<\/li><\/ul>\n","protected":false},"excerpt":{"rendered":"<p>Unsere g\u00fcnstige Lage Das Hotel Giacomazzo befindet sich direkt am Meer und bietet einen wunderbaren Blick auf die malerische Kulisse der Spiaggia di Levante und der Chiesa della Madonnina. Die<\/p>\n","protected":false},"author":2,"featured_media":0,"parent":0,"menu_order":0,"comment_status":"closed","ping_status":"closed","template":"","meta":{"ngg_post_thumbnail":0},"_links":{"self":[{"href":"https:\/\/www.hotelgiacomazzo.it\/de\/wp-json\/wp\/v2\/pages\/730"}],"collection":[{"href":"https:\/\/www.hotelgiacomazzo.it\/de\/wp-json\/wp\/v2\/pages"}],"about":[{"href":"https:\/\/www.hotelgiacomazzo.it\/de\/wp-json\/wp\/v2\/types\/page"}],"author":[{"embeddable":true,"href":"https:\/\/www.hotelgiacomazzo.it\/de\/wp-json\/wp\/v2\/users\/2"}],"replies":[{"embeddable":true,"href":"https:\/\/www.hotelgiacomazzo.it\/de\/wp-json\/wp\/v2\/comments?post=730"}],"version-history":[{"count":0,"href":"https:\/\/www.hotelgiacomazzo.it\/de\/wp-json\/wp\/v2\/pages\/730\/revisions"}],"wp:attachment":[{"href":"https:\/\/www.hotelgiacomazzo.it\/de\/wp-json\/wp\/v2\/media?parent=730"}],"curies":[{"name":"wp","href":"https:\/\/api.w.org\/{rel}","templated":true}]}}