{"id":713,"date":"2016-07-08T16:11:21","date_gmt":"2016-07-08T14:11:21","guid":{"rendered":"http:\/\/www.hotelgiacomazzo.it\/de\/?page_id=713"},"modified":"2016-07-08T16:15:45","modified_gmt":"2016-07-08T14:15:45","slug":"familien-und-kinder","status":"publish","type":"page","link":"https:\/\/www.hotelgiacomazzo.it\/de\/familien-und-kinder\/","title":{"rendered":"Familien und Kinder"},"content":{"rendered":"<h2>Der ideale Urlaub f\u00fcr die ganze Familie<\/h2>\n<p>&nbsp;<\/p>\n<p><span lang=\"de-AT\">In <\/span><span lang=\"de-AT\"><b>Caorle<\/b><\/span><span lang=\"de-AT\"> k\u00f6nnen Sie einen unvergesslichen Urlaub mit der ganzen Familie verbringen, weil unsere wundersch\u00f6ne Stadt f\u00fcr jeden etwas zu bieten hat: Hier finden sowohl <\/span><span lang=\"de-AT\"><b>Paare als auch Familien<\/b><\/span><span lang=\"de-AT\"> mit kleinen und gro\u00dfen Kindern die perfekten Rahmenbedingungen f\u00fcr ein paar Tage am Meer im Zeichen der totalen Entschleunigung!<\/span><\/p>\n<p><span lang=\"de-AT\">Im Hotel Giacomazzo wissen wir, wie wichtig es ist, L\u00f6sungen zu finden, die f\u00fcr die gesamte Familie passen. Und aus diesem Grund bieten wir unseren G\u00e4sten <\/span><span lang=\"de-AT\"><b>spezielle Familienangebote<\/b><\/span><span lang=\"de-AT\">, mit Rabatten f\u00fcr die Kinder und ger\u00e4umigen und komfortablen Familienzimmern.<\/span><\/p>\n<p><span lang=\"de-AT\">Der Badeort Caorle ist ideal f\u00fcr Ihren Familienurlaub am Meer. Der <\/span><span lang=\"de-AT\"><b>weitl\u00e4ufige Strand mit seinem feinen Sand<\/b><\/span><span lang=\"de-AT\"> und der modernen Ausstattung und das Meer mit dem seichten und leicht abfallenden Grund laden die Kinder zum unbeschwerten und gefahrlosen Spielen und Planschen am Waser ein. (Am Strand gibt es auch <\/span><span lang=\"de-AT\"><b>Rettungsschwimmer<\/b><\/span><span lang=\"de-AT\">, die stets wachsam sind).<\/span><\/p>\n<p lang=\"de-AT\">Die g\u00fcnstige Lage des Hotels Giacomazzo in Caorle erm\u00f6glicht es unseren G\u00e4sten, einen v\u00f6llig stressfreien und unbeschwerten Urlaub zu verbringen. Der Strand ist direkt vom Hotel zu erreichen, sodass einem perfekten Tag am Strand f\u00fcr Eltern und Kinder nichts mehr im Wege steht.<\/p>\n<p><span lang=\"de-AT\">Der private Hotelstrand ist gut ausgestattet und auch die <\/span><span lang=\"de-AT\"><b>Unterhaltung<\/b><\/span><span lang=\"de-AT\"> von Gro\u00df und Klein kommt nicht zu kurz. W\u00e4hrend die Eltern Ihren Urlaub entspannt auf der Liege unterm Sonnenschirm genie\u00dfen, ist f\u00fcr die Unterhaltung der Kleinen gesorgt.<\/span><\/p>\n<p lang=\"de-AT\">Caorle bietet seinen G\u00e4sten neben dem Strand noch viele weitere Vergn\u00fcgungsm\u00f6glichkeiten f\u00fcr die ganze Familie: Nur wenige Meter vom Hotel Giacomazzo entfernt befinden sich der Aquapark Aquafollie, eine wundersch\u00f6ne Minigolfanlage und Tennispl\u00e4tze. Die malerische Altstadt von Caorle l\u00e4dt au\u00dferdem zum Bummeln ein.<\/p>\n<p lang=\"de-AT\">Das alles und noch vieles mehr erwartet Sie in Caorle. Und im Hotel Giacomazzo bleiben keine W\u00fcnsche f\u00fcr einen traumhaften Sommerurlaub offen!<\/p>\n<p>&nbsp;<\/p>\n","protected":false},"excerpt":{"rendered":"<p>Der ideale Urlaub f\u00fcr die ganze Familie &nbsp; In Caorle k\u00f6nnen Sie einen unvergesslichen Urlaub mit der ganzen Familie verbringen, weil unsere wundersch\u00f6ne Stadt f\u00fcr jeden etwas zu bieten hat:<\/p>\n","protected":false},"author":2,"featured_media":500,"parent":0,"menu_order":0,"comment_status":"closed","ping_status":"closed","template":"","meta":{"ngg_post_thumbnail":0},"_links":{"self":[{"href":"https:\/\/www.hotelgiacomazzo.it\/de\/wp-json\/wp\/v2\/pages\/713"}],"collection":[{"href":"https:\/\/www.hotelgiacomazzo.it\/de\/wp-json\/wp\/v2\/pages"}],"about":[{"href":"https:\/\/www.hotelgiacomazzo.it\/de\/wp-json\/wp\/v2\/types\/page"}],"author":[{"embeddable":true,"href":"https:\/\/www.hotelgiacomazzo.it\/de\/wp-json\/wp\/v2\/users\/2"}],"replies":[{"embeddable":true,"href":"https:\/\/www.hotelgiacomazzo.it\/de\/wp-json\/wp\/v2\/comments?post=713"}],"version-history":[{"count":0,"href":"https:\/\/www.hotelgiacomazzo.it\/de\/wp-json\/wp\/v2\/pages\/713\/revisions"}],"wp:featuredmedia":[{"embeddable":true,"href":"https:\/\/www.hotelgiacomazzo.it\/de\/wp-json\/wp\/v2\/media\/500"}],"wp:attachment":[{"href":"https:\/\/www.hotelgiacomazzo.it\/de\/wp-json\/wp\/v2\/media?parent=713"}],"curies":[{"name":"wp","href":"https:\/\/api.w.org\/{rel}","templated":true}]}}