{"id":709,"date":"2016-07-08T16:06:25","date_gmt":"2016-07-08T14:06:25","guid":{"rendered":"http:\/\/www.hotelgiacomazzo.it\/de\/?page_id=709"},"modified":"2016-07-08T16:06:25","modified_gmt":"2016-07-08T14:06:25","slug":"caorle","status":"publish","type":"page","link":"https:\/\/www.hotelgiacomazzo.it\/de\/caorle\/","title":{"rendered":"Caorle"},"content":{"rendered":"<h2>Caorle: Eine Stadt zum Entdecken<\/h2>\n<p><span lang=\"de-AT\">Das Hotel Giacomazzo befindet sich in Caorle, einer alten Stadt Venetiens, die jedes Jahr zahlreiche Urlauber auf der Suche nach <\/span><span lang=\"de-AT\"><b>Entspannung und Spa\u00df am Meer und Kultur<\/b><\/span><span lang=\"de-AT\"> anlockt.<\/span><\/p>\n<p><span lang=\"de-AT\">Die Stadt Caorle ist auf jeden Fall einen Besuch wert: An erster Stelle stehen der <\/span><span lang=\"de-AT\"><b>Strand<\/b><\/span><span lang=\"de-AT\">, der sich auf einer L\u00e4nge von 18 Kilometern durch seinen goldenen und feinen Sand auszeichnet und das Meer mit seinem glasklaren Wasser und den seichten und leicht abfallenden Grund. Ein idealer Ort f\u00fcr die Kleinen, die am Wasser ruhig und gefahrlos planschen und spielen k\u00f6nnen<\/span><\/p>\n<p><span lang=\"de-AT\">Das Hotel Giacomazzo befindet sich in einer <\/span><span lang=\"de-AT\"><b>ruhigen, aber sehr zentralen<\/b><\/span> <span lang=\"de-AT\"><b>Lage<\/b><\/span><span lang=\"de-AT\"> in Caorle. Vom Hotel aus, das direkt am Meer liegt, k\u00f6nnen Sie die wunderbare Aussicht auf den Strand und die ber\u00fchmte <\/span><span lang=\"de-AT\"><b>Chiesa della Madonna dell\u00b4Angelo<\/b><\/span><span lang=\"de-AT\"> genie\u00dfen. Dank der g\u00fcnstigen Lage unseres Hauses erschlie\u00dft sich Ihnen diese traumhafte Kulisse <\/span><span lang=\"de-AT\"><b>direkt vom Hotel<\/b><\/span><span lang=\"de-AT\"> aus.<\/span><\/p>\n<p><span lang=\"de-AT\">Das Hotel Giacomazzo liegt nicht nur direkt am Meer, sondern ist auch nur 100 Meter von der <\/span><span lang=\"de-AT\"><b>Altstadt<\/b><\/span><span lang=\"de-AT\"> von Caorle entfernt, einer weiteren Attraktion neben dem bekannten Strand. Die Altstadt beherbergt ein reiches Erbe an <\/span><span lang=\"de-AT\"><b>Geschichte, Kultur und Traditionen<\/b><\/span><span lang=\"de-AT\">, das nur darauf wartet, von Ihnen entdeckt zu werden.<\/span><\/p>\n<p lang=\"de-AT\">W\u00e4hrend eines Aufenthalts im Hotel Giacomazzo in Caorle werden Sie sich wie zuhause f\u00fchlen. Alle Sch\u00f6nheiten dieser Stadt liegen Ihnen dank der optimalen Lage unseres Hauses zu F\u00fc\u00dfen. Die perfekte Wahl f\u00fcr einen Traumurlaub.<\/p>\n","protected":false},"excerpt":{"rendered":"<p>Caorle: Eine Stadt zum Entdecken Das Hotel Giacomazzo befindet sich in Caorle, einer alten Stadt Venetiens, die jedes Jahr zahlreiche Urlauber auf der Suche nach Entspannung und Spa\u00df am Meer<\/p>\n","protected":false},"author":2,"featured_media":0,"parent":0,"menu_order":0,"comment_status":"closed","ping_status":"closed","template":"","meta":{"ngg_post_thumbnail":0},"_links":{"self":[{"href":"https:\/\/www.hotelgiacomazzo.it\/de\/wp-json\/wp\/v2\/pages\/709"}],"collection":[{"href":"https:\/\/www.hotelgiacomazzo.it\/de\/wp-json\/wp\/v2\/pages"}],"about":[{"href":"https:\/\/www.hotelgiacomazzo.it\/de\/wp-json\/wp\/v2\/types\/page"}],"author":[{"embeddable":true,"href":"https:\/\/www.hotelgiacomazzo.it\/de\/wp-json\/wp\/v2\/users\/2"}],"replies":[{"embeddable":true,"href":"https:\/\/www.hotelgiacomazzo.it\/de\/wp-json\/wp\/v2\/comments?post=709"}],"version-history":[{"count":0,"href":"https:\/\/www.hotelgiacomazzo.it\/de\/wp-json\/wp\/v2\/pages\/709\/revisions"}],"wp:attachment":[{"href":"https:\/\/www.hotelgiacomazzo.it\/de\/wp-json\/wp\/v2\/media?parent=709"}],"curies":[{"name":"wp","href":"https:\/\/api.w.org\/{rel}","templated":true}]}}